{"id":271,"date":"2019-11-09T13:38:17","date_gmt":"2019-11-09T12:38:17","guid":{"rendered":"http:\/\/tabledesulli.fr\/?page_id=271"},"modified":"2025-03-14T18:00:37","modified_gmt":"2025-03-14T17:00:37","slug":"presentation","status":"publish","type":"page","link":"https:\/\/tabledesulli.fr\/index.php\/presentation\/","title":{"rendered":"Pr\u00e9sentation"},"content":{"rendered":"\n<div style=\"height:42px\" aria-hidden=\"true\" class=\"wp-block-spacer\"><\/div>\n\n\n<div class=\"wp-block-image\">\n<figure class=\"aligncenter is-resized\"><img fetchpriority=\"high\" decoding=\"async\" width=\"897\" height=\"897\" src=\"http:\/\/tabledesulli.fr\/wp-content\/uploads\/2019\/11\/IMG_20191110_053354.png\" alt=\"\" class=\"wp-image-289\" style=\"width:300px;height:300px\" srcset=\"https:\/\/tabledesulli.fr\/wp-content\/uploads\/2019\/11\/IMG_20191110_053354.png 897w, https:\/\/tabledesulli.fr\/wp-content\/uploads\/2019\/11\/IMG_20191110_053354-400x400.png 400w, https:\/\/tabledesulli.fr\/wp-content\/uploads\/2019\/11\/IMG_20191110_053354-100x100.png 100w, https:\/\/tabledesulli.fr\/wp-content\/uploads\/2019\/11\/IMG_20191110_053354-600x600.png 600w, https:\/\/tabledesulli.fr\/wp-content\/uploads\/2019\/11\/IMG_20191110_053354-150x150.png 150w, https:\/\/tabledesulli.fr\/wp-content\/uploads\/2019\/11\/IMG_20191110_053354-300x300.png 300w, https:\/\/tabledesulli.fr\/wp-content\/uploads\/2019\/11\/IMG_20191110_053354-768x768.png 768w\" sizes=\"(max-width: 897px) 100vw, 897px\" \/><\/figure>\n<\/div>\n\n\n<h2 class=\"wp-block-heading\"><center>Doux Sullivan<\/center><\/h2>\n\n\n\n<h3 class=\"wp-block-heading\">Ma formation<\/h3>\n\n\n\n<ul class=\"wp-block-list\">\n<li>BEP Option Cuisine<\/li>\n\n\n\n<li>Bac professionnel Option Cuisine<\/li>\n\n\n\n<li>BTS Hotellerie-Restauration Option G\u00e9nie culinaire et Art de la table<\/li>\n<\/ul>\n\n\n\n<h3 class=\"wp-block-heading\">Experience professionnelle<\/h3>\n\n\n\n<ul class=\"wp-block-list\">\n<li>EHPAD Carignan en tant que cuisinier<\/li>\n\n\n\n<li>Commis de cuisine \u00e0 l&rsquo;Auberge du Moulin Hideux \u00e0 NOIREFONTAINE de monsieur LAHIRE (* Au Guide Michelin)<\/li>\n\n\n\n<li>Stage au sein des restaurant de monsieur GAUTHIER (** Au guide Michelin) \u00e0 MADELEINE-SOUS-MONTREUIL<\/li>\n\n\n\n<li>Saison au sein de la brigade de monsieur DONCKELE(*** Au guide Michelin) au restaurant La vague d&rsquo;or \u00e0 ST-TROPEZ<\/li>\n\n\n\n<li>Chef de partie \u00e0 NANCY au restaurant le Capu de monsieur FOURIERE<\/li>\n\n\n\n<li>Second de cuisine au restaurant le Banel MATTON-ET-CLEMENCY<\/li>\n\n\n\n<li>Entrepreneur, Chef \u00e0 domicile, Traiteur avec La table de Sulli<\/li>\n\n\n\n<li>Consultant &amp; Chef de cuisine au restaurant Grill Comptoir THILLOIS <\/li>\n\n\n\n<li>Chef de cuisine &amp; Chef de p\u00f4le restaurant \u00e0 la R\u00e9sidence Montana REIMS-TINQUEUX (actuel)<\/li>\n<\/ul>\n\n\n\n<h3 class=\"wp-block-heading\">Concours<\/h3>\n\n\n\n<ul class=\"wp-block-list\">\n<li>2015 &#8211; 6\u00e8me \u00e9dition du \u00ab Troph\u00e9e Mille \u00bb : Obtention de la 2<br>\u00e8me place.<\/li>\n\n\n\n<li>2015 &#8211; \u00ab l\u2019un des Meilleurs Apprentis de France \u00bb Option Cuisine: Obtention de la m\u00e9daille d\u2019argent d\u00e9partemental<\/li>\n\n\n\n<li>2016 &#8211; S\u00e9lectionner au dossier au Challenge Foie Gras 2015 des Jeunes Cr\u00e9ateurs Culinaires: Obtention de la 4\u00e8me place en Final \u00e0 Paris<\/li>\n\n\n\n<li>2017 &#8211; Concours des m\u00e9tiers de bouche du rotary club: Obtention de la 4\u00e8me place<\/li>\n\n\n\n<li>2018 &#8211; Concours des m\u00e9tiers de bouche du rotary club: Obtention de la 1\u00e8re place<\/li>\n<\/ul>\n\n\n\n<p><\/p>\n\n\n\n<h3 class=\"wp-block-heading\">Pr\u00e9sentation<\/h3>\n\n\n\n<p style=\"font-size:15px\">Cuisinier passionn\u00e9, issu du lyc\u00e9e H\u00f4telier de Bazeilles. Je souhaite vous partager ma passion \u00e0 travers mes plats qui allient tradition et cr\u00e9ativit\u00e9 tout en respectant l&rsquo;environnement gr\u00e2ce \u00e0 des circuits courts, des aliments frais, de saison et de grandes qualit\u00e9s de nos producteurs locaux. <\/p>\n\n\n\n<p>Je suis \u00e0 votre enti\u00e8re disposition par mail, t\u00e9l\u00e9phone ou pour vous rencontrer, afin de personnaliser vos cours, menus et autres buffets, \u00e0 y apporter \u00e9ventuellement des modifications afin d\u2019\u00e9laborer un devis sur mesure tenant compte de l\u2019ensemble de vos exigences !<\/p>\n\n\n\n<p><\/p>\n\n\n\n<p><\/p>\n","protected":false},"excerpt":{"rendered":"<p>Doux Sullivan Ma formation Experience professionnelle Concours Pr\u00e9sentation Cuisinier passionn\u00e9, issu du lyc\u00e9e H\u00f4telier de Bazeilles. Je souhaite vous partager ma passion \u00e0 travers mes plats qui allient tradition et cr\u00e9ativit\u00e9 tout en respectant l&rsquo;environnement gr\u00e2ce \u00e0 des circuits courts, des aliments frais, de saison et de grandes qualit\u00e9s de nos producteurs locaux. Je suis&hellip;<\/p>\n","protected":false},"author":1,"featured_media":0,"parent":0,"menu_order":0,"comment_status":"closed","ping_status":"closed","template":"","meta":{"footnotes":""},"class_list":["post-271","page","type-page","status-publish","hentry"],"_links":{"self":[{"href":"https:\/\/tabledesulli.fr\/index.php\/wp-json\/wp\/v2\/pages\/271","targetHints":{"allow":["GET"]}}],"collection":[{"href":"https:\/\/tabledesulli.fr\/index.php\/wp-json\/wp\/v2\/pages"}],"about":[{"href":"https:\/\/tabledesulli.fr\/index.php\/wp-json\/wp\/v2\/types\/page"}],"author":[{"embeddable":true,"href":"https:\/\/tabledesulli.fr\/index.php\/wp-json\/wp\/v2\/users\/1"}],"replies":[{"embeddable":true,"href":"https:\/\/tabledesulli.fr\/index.php\/wp-json\/wp\/v2\/comments?post=271"}],"version-history":[{"count":18,"href":"https:\/\/tabledesulli.fr\/index.php\/wp-json\/wp\/v2\/pages\/271\/revisions"}],"predecessor-version":[{"id":1706,"href":"https:\/\/tabledesulli.fr\/index.php\/wp-json\/wp\/v2\/pages\/271\/revisions\/1706"}],"wp:attachment":[{"href":"https:\/\/tabledesulli.fr\/index.php\/wp-json\/wp\/v2\/media?parent=271"}],"curies":[{"name":"wp","href":"https:\/\/api.w.org\/{rel}","templated":true}]}}