{"id":1383,"date":"2020-10-01T14:56:16","date_gmt":"2020-10-01T12:56:16","guid":{"rendered":"https:\/\/tabledesulli.fr\/?page_id=1383"},"modified":"2025-03-14T17:54:47","modified_gmt":"2025-03-14T16:54:47","slug":"cours-de-cuisine","status":"publish","type":"page","link":"https:\/\/tabledesulli.fr\/index.php\/cours-de-cuisine\/","title":{"rendered":"Cours de cuisine"},"content":{"rendered":"\t\t<div data-elementor-type=\"wp-page\" data-elementor-id=\"1383\" class=\"elementor elementor-1383\">\n\t\t\t\t\t\t<section class=\"elementor-section elementor-top-section elementor-element elementor-element-26a6948 elementor-section-boxed elementor-section-height-default elementor-section-height-default\" data-id=\"26a6948\" data-element_type=\"section\" data-e-type=\"section\" data-settings=\"{&quot;background_background&quot;:&quot;classic&quot;}\">\n\t\t\t\t\t\t<div class=\"elementor-container elementor-column-gap-default\">\n\t\t\t\t\t<div class=\"elementor-column elementor-col-100 elementor-top-column elementor-element elementor-element-d789d92\" data-id=\"d789d92\" data-element_type=\"column\" data-e-type=\"column\">\n\t\t\t<div class=\"elementor-widget-wrap elementor-element-populated\">\n\t\t\t\t\t\t<div class=\"elementor-element elementor-element-c2e18c1 elementor-widget elementor-widget-heading\" data-id=\"c2e18c1\" data-element_type=\"widget\" data-e-type=\"widget\" data-widget_type=\"heading.default\">\n\t\t\t\t<div class=\"elementor-widget-container\">\n\t\t\t\t\t<h1 class=\"elementor-heading-title elementor-size-default\">Cours de Cuisine<\/h1>\t\t\t\t<\/div>\n\t\t\t\t<\/div>\n\t\t\t\t<div class=\"elementor-element elementor-element-2744ed3 elementor-widget elementor-widget-heading\" data-id=\"2744ed3\" data-element_type=\"widget\" data-e-type=\"widget\" data-widget_type=\"heading.default\">\n\t\t\t\t<div class=\"elementor-widget-container\">\n\t\t\t\t\t<h3 class=\"elementor-heading-title elementor-size-default\">Autour d'un technique<\/h3>\t\t\t\t<\/div>\n\t\t\t\t<\/div>\n\t\t\t\t<div class=\"elementor-element elementor-element-142c84c elementor-widget elementor-widget-image\" data-id=\"142c84c\" data-element_type=\"widget\" data-e-type=\"widget\" data-widget_type=\"image.default\">\n\t\t\t\t<div class=\"elementor-widget-container\">\n\t\t\t\t\t\t\t\t\t\t\t\t\t\t\t\t<a href=\"http:\/\/tabledesulli.fr\/index.php\/choux\/\">\n\t\t\t\t\t\t\t<img fetchpriority=\"high\" decoding=\"async\" width=\"2560\" height=\"700\" src=\"https:\/\/tabledesulli.fr\/wp-content\/uploads\/2020\/10\/Cours-choux-titleok1.png\" class=\"attachment-full size-full wp-image-1468\" alt=\"\" srcset=\"https:\/\/tabledesulli.fr\/wp-content\/uploads\/2020\/10\/Cours-choux-titleok1.png 2560w, https:\/\/tabledesulli.fr\/wp-content\/uploads\/2020\/10\/Cours-choux-titleok1-300x82.png 300w, https:\/\/tabledesulli.fr\/wp-content\/uploads\/2020\/10\/Cours-choux-titleok1-1024x280.png 1024w, https:\/\/tabledesulli.fr\/wp-content\/uploads\/2020\/10\/Cours-choux-titleok1-768x210.png 768w, https:\/\/tabledesulli.fr\/wp-content\/uploads\/2020\/10\/Cours-choux-titleok1-1536x420.png 1536w, https:\/\/tabledesulli.fr\/wp-content\/uploads\/2020\/10\/Cours-choux-titleok1-2048x560.png 2048w, https:\/\/tabledesulli.fr\/wp-content\/uploads\/2020\/10\/Cours-choux-titleok1-600x164.png 600w\" sizes=\"(max-width: 2560px) 100vw, 2560px\" \/>\t\t\t\t\t\t\t\t<\/a>\n\t\t\t\t\t\t\t\t\t\t\t\t\t\t\t<\/div>\n\t\t\t\t<\/div>\n\t\t\t\t<div class=\"elementor-element elementor-element-66efa66 elementor-widget elementor-widget-image\" data-id=\"66efa66\" data-element_type=\"widget\" data-e-type=\"widget\" data-widget_type=\"image.default\">\n\t\t\t\t<div class=\"elementor-widget-container\">\n\t\t\t\t\t\t\t\t\t\t\t\t\t\t\t\t<a href=\"http:\/\/tabledesulli.fr\/index.php\/asie\/\">\n\t\t\t\t\t\t\t<img decoding=\"async\" width=\"1024\" height=\"280\" src=\"https:\/\/tabledesulli.fr\/wp-content\/uploads\/2020\/10\/Cours-asiatique-titleok-1024x280.png\" class=\"attachment-large size-large wp-image-1463\" alt=\"\" srcset=\"https:\/\/tabledesulli.fr\/wp-content\/uploads\/2020\/10\/Cours-asiatique-titleok-1024x280.png 1024w, https:\/\/tabledesulli.fr\/wp-content\/uploads\/2020\/10\/Cours-asiatique-titleok-300x82.png 300w, https:\/\/tabledesulli.fr\/wp-content\/uploads\/2020\/10\/Cours-asiatique-titleok-768x210.png 768w, https:\/\/tabledesulli.fr\/wp-content\/uploads\/2020\/10\/Cours-asiatique-titleok-1536x420.png 1536w, https:\/\/tabledesulli.fr\/wp-content\/uploads\/2020\/10\/Cours-asiatique-titleok-2048x560.png 2048w, https:\/\/tabledesulli.fr\/wp-content\/uploads\/2020\/10\/Cours-asiatique-titleok-600x164.png 600w\" sizes=\"(max-width: 1024px) 100vw, 1024px\" \/>\t\t\t\t\t\t\t\t<\/a>\n\t\t\t\t\t\t\t\t\t\t\t\t\t\t\t<\/div>\n\t\t\t\t<\/div>\n\t\t\t\t<div class=\"elementor-element elementor-element-ce3b689 elementor-widget elementor-widget-image\" data-id=\"ce3b689\" data-element_type=\"widget\" data-e-type=\"widget\" data-widget_type=\"image.default\">\n\t\t\t\t<div class=\"elementor-widget-container\">\n\t\t\t\t\t\t\t\t\t\t\t\t\t\t\t\t<a href=\"https:\/\/tabledesulli.fr\/index.php\/foies-gras\/\">\n\t\t\t\t\t\t\t<img decoding=\"async\" width=\"1024\" height=\"280\" src=\"https:\/\/tabledesulli.fr\/wp-content\/uploads\/2020\/10\/foiesgrasok1-1024x280.png\" class=\"attachment-large size-large wp-image-1469\" alt=\"\" srcset=\"https:\/\/tabledesulli.fr\/wp-content\/uploads\/2020\/10\/foiesgrasok1-1024x280.png 1024w, https:\/\/tabledesulli.fr\/wp-content\/uploads\/2020\/10\/foiesgrasok1-300x82.png 300w, https:\/\/tabledesulli.fr\/wp-content\/uploads\/2020\/10\/foiesgrasok1-768x210.png 768w, https:\/\/tabledesulli.fr\/wp-content\/uploads\/2020\/10\/foiesgrasok1-1536x420.png 1536w, https:\/\/tabledesulli.fr\/wp-content\/uploads\/2020\/10\/foiesgrasok1-2048x560.png 2048w, https:\/\/tabledesulli.fr\/wp-content\/uploads\/2020\/10\/foiesgrasok1-600x164.png 600w\" sizes=\"(max-width: 1024px) 100vw, 1024px\" \/>\t\t\t\t\t\t\t\t<\/a>\n\t\t\t\t\t\t\t\t\t\t\t\t\t\t\t<\/div>\n\t\t\t\t<\/div>\n\t\t\t\t<div class=\"elementor-element elementor-element-df53c4c elementor-widget elementor-widget-heading\" data-id=\"df53c4c\" data-element_type=\"widget\" data-e-type=\"widget\" data-widget_type=\"heading.default\">\n\t\t\t\t<div class=\"elementor-widget-container\">\n\t\t\t\t\t<h3 class=\"elementor-heading-title elementor-size-default\">Autour d'un repas<\/h3>\t\t\t\t<\/div>\n\t\t\t\t<\/div>\n\t\t\t\t<div class=\"elementor-element elementor-element-251260b elementor-widget elementor-widget-text-editor\" data-id=\"251260b\" data-element_type=\"widget\" data-e-type=\"widget\" data-widget_type=\"text-editor.default\">\n\t\t\t\t<div class=\"elementor-widget-container\">\n\t\t\t\t\t\t\t\t\t<p>Impressionnez vos amis et cuisiner comme un chef !<\/p><p>Cours de cuisine pour une personnes comprenant un Plat ou une association Entr\u00e9e + Plat pour servir 2 ou 4 personnes. (Possibilit\u00e9 de faire un devis sur mesure pour accueillir plus d&rsquo;inviter et m\u00eame choisir votre menu !)<\/p>\t\t\t\t\t\t\t\t<\/div>\n\t\t\t\t<\/div>\n\t\t\t\t<div class=\"elementor-element elementor-element-5c6519f elementor-widget elementor-widget-text-editor\" data-id=\"5c6519f\" data-element_type=\"widget\" data-e-type=\"widget\" data-widget_type=\"text-editor.default\">\n\t\t\t\t<div class=\"elementor-widget-container\">\n\t\t\t\t\t\t\t\t\t<table class=\" aligncenter\" style=\"width: 90%; border-collapse: collapse; border-bottom: 1px solid #FFFFF; border-left: 0px solid #FFFFF; border-right: 0px solid #FFFFF; border-top: 0px solid #FFFFF; border-style: solid;\"><tbody><tr style=\"height: 104px;\"><td style=\"width: 37.7496%; height: 104px; text-align: left;\"><strong>Plat ou Entr\u00e9e + Plat<\/strong><\/td><td style=\"width: 2.11819%; text-align: center; height: 104px;\"><p><strong>Prix (pour 2 couvert)<\/strong><\/p><\/td><td style=\"width: 2.534%; text-align: center;\"><p><strong>Prix (pour 4 couvert)<\/strong><\/p><\/td><\/tr><tr style=\"height: 120px;\"><td style=\"width: 37.7496%; height: 120px;\">Feuillet\u00e9 ch\u00e8vre Miel + Filet de truite \u00e0 l&rsquo;unilateral &amp; risotto<\/td><td style=\"width: 2.11819%; text-align: center; height: 120px;\">\u00a040\u20ac<\/td><td style=\"width: 2.534%; text-align: center;\">55\u20ac<\/td><\/tr><tr style=\"height: 120px;\"><td style=\"width: 37.7496%; height: 120px;\">Salade ardennaise + Boudin Blanc aux pomme &amp; pomme pur\u00e9e<\/td><td style=\"width: 2.11819%; text-align: center; height: 120px;\">\u00a040\u20ac<\/td><td style=\"width: 2.534%; text-align: center;\">55\u20ac<\/td><\/tr><tr style=\"height: 96px;\"><td style=\"width: 37.7496%; height: 96px;\">Tagliatelle fraiche maison \u00e0 la truffe<\/td><td style=\"width: 2.11819%; text-align: center; height: 96px;\">\u00a050\u20ac<\/td><td style=\"width: 2.534%; text-align: center;\">65\u20ac<\/td><\/tr><tr style=\"height: 120px;\"><td style=\"width: 37.7496%; height: 120px;\">Boeuf bourguignon traditionnel &amp; Pomme de terre au four<\/td><td style=\"width: 2.11819%; height: 120px; text-align: center;\">40\u20ac\u00a0<\/td><td style=\"width: 2.534%; text-align: center;\">55\u20ac<\/td><\/tr><tr style=\"height: 72px;\"><td style=\"width: 37.7496%; height: 72px;\">Blanquette de veaux et Riz Pilaf<\/td><td style=\"width: 2.11819%; height: 72px; text-align: center;\">40\u20ac\u00a0<\/td><td style=\"width: 2.534%; text-align: center;\">55\u20ac<\/td><\/tr><\/tbody><\/table>\t\t\t\t\t\t\t\t<\/div>\n\t\t\t\t<\/div>\n\t\t\t\t\t<\/div>\n\t\t<\/div>\n\t\t\t\t\t<\/div>\n\t\t<\/section>\n\t\t\t\t<section class=\"elementor-section elementor-top-section elementor-element elementor-element-6b8fd9c elementor-section-boxed elementor-section-height-default elementor-section-height-default\" data-id=\"6b8fd9c\" data-element_type=\"section\" data-e-type=\"section\" data-settings=\"{&quot;background_background&quot;:&quot;classic&quot;}\">\n\t\t\t\t\t\t<div class=\"elementor-container elementor-column-gap-default\">\n\t\t\t\t\t<div class=\"elementor-column elementor-col-100 elementor-top-column elementor-element elementor-element-f1df9b3\" data-id=\"f1df9b3\" data-element_type=\"column\" data-e-type=\"column\">\n\t\t\t<div class=\"elementor-widget-wrap elementor-element-populated\">\n\t\t\t\t\t\t<div class=\"elementor-element elementor-element-2f83e5c elementor-widget elementor-widget-heading\" data-id=\"2f83e5c\" data-element_type=\"widget\" data-e-type=\"widget\" data-widget_type=\"heading.default\">\n\t\t\t\t<div class=\"elementor-widget-container\">\n\t\t\t\t\t<h3 class=\"elementor-heading-title elementor-size-default\">Autour d'un Atelier &amp; D\u00e9gustation<\/h3>\t\t\t\t<\/div>\n\t\t\t\t<\/div>\n\t\t\t\t<div class=\"elementor-element elementor-element-4260db3 elementor-widget elementor-widget-text-editor\" data-id=\"4260db3\" data-element_type=\"widget\" data-e-type=\"widget\" data-widget_type=\"text-editor.default\">\n\t\t\t\t<div class=\"elementor-widget-container\">\n\t\t\t\t\t\t\t\t\t<table style=\"border-collapse: collapse; width: 100%;\"><tbody><tr><td style=\"width: 83.3333%;\"><p><strong>Atelier D\u00e9gustation \u00a0\u00bb Le Terroir \u00ab\u00a0<\/strong><\/p><p>Redecouvrez le terroir champenois grace \u00e0 cet atelier d\u00e9gustation, une multitude de produits artisanaux vous attendent. Entre Charcuteries, fromages, vins locaux, mais aussi des mets \u00e9laborer par mes soins. Une not\u00e9 sucr\u00e9e viendra cloturer cette d\u00e9gustation.<br \/>Atelier sous la forme d&rsquo;un repas convivial entre amis, famille, coll\u00e8gue&#8230;<\/p><\/td><td style=\"width: 16.6667%;\"><p style=\"text-align: center;\">(\u00e0 partir de 4 personnes)<\/p><p style=\"text-align: center;\">30\u20ac\/pers<\/p><\/td><\/tr><\/tbody><\/table>\t\t\t\t\t\t\t\t<\/div>\n\t\t\t\t<\/div>\n\t\t\t\t<div class=\"elementor-element elementor-element-383ecfa elementor-widget elementor-widget-heading\" data-id=\"383ecfa\" data-element_type=\"widget\" data-e-type=\"widget\" data-widget_type=\"heading.default\">\n\t\t\t\t<div class=\"elementor-widget-container\">\n\t\t\t\t\t<h3 class=\"elementor-heading-title elementor-size-default\">D\u00e9placement (D\u00e9part Reims)<\/h3>\t\t\t\t<\/div>\n\t\t\t\t<\/div>\n\t\t\t\t<div class=\"elementor-element elementor-element-f787188 elementor-widget elementor-widget-shortcode\" data-id=\"f787188\" data-element_type=\"widget\" data-e-type=\"widget\" data-widget_type=\"shortcode.default\">\n\t\t\t\t<div class=\"elementor-widget-container\">\n\t\t\t\t\t\t\t<div class=\"elementor-shortcode\"><div class=\"su-tabs su-tabs-style-default su-tabs-mobile-stack\" data-active=\"1\" data-scroll-offset=\"0\" data-anchor-in-url=\"no\"><div class=\"su-tabs-nav\"><span class=\"\" data-url=\"\" data-target=\"blank\" tabindex=\"0\" role=\"button\">01km \u00e0 20km<\/span><span class=\"\" data-url=\"\" data-target=\"blank\" tabindex=\"0\" role=\"button\">20km \u00e0 40km<\/span><span class=\"\" data-url=\"\" data-target=\"blank\" tabindex=\"0\" role=\"button\">40km \u00e0 60km<\/span><span class=\"\" data-url=\"\" data-target=\"blank\" tabindex=\"0\" role=\"button\">60km \u00e0 80km<\/span><span class=\"\" data-url=\"\" data-target=\"blank\" tabindex=\"0\" role=\"button\">80km et plus...<\/span><\/div><div class=\"su-tabs-panes\"><div class=\"su-tabs-pane su-u-clearfix su-u-trim\" data-title=\"01km \u00e0 20km\">OFFERT<\/div>\n<div class=\"su-tabs-pane su-u-clearfix su-u-trim\" data-title=\"20km \u00e0 40km\">Co\u00fbt de d\u00e9placement: 7,50\u20ac<\/div>\n<div class=\"su-tabs-pane su-u-clearfix su-u-trim\" data-title=\"40km \u00e0 60km\">Co\u00fbt de d\u00e9placement: 10\u20ac<\/div>\n<div class=\"su-tabs-pane su-u-clearfix su-u-trim\" data-title=\"60km \u00e0 80km\">\nCo\u00fbt de d\u00e9placement: 15\u20ac<\/div>\n<div class=\"su-tabs-pane su-u-clearfix su-u-trim\" data-title=\"80km et plus...\">Tarif adapt\u00e9 0,20\u20ac le kilom\u00e8tre<\/div><\/div><\/div><\/div>\n\t\t\t\t\t\t<\/div>\n\t\t\t\t<\/div>\n\t\t\t\t\t<\/div>\n\t\t<\/div>\n\t\t\t\t\t<\/div>\n\t\t<\/section>\n\t\t\t\t<\/div>\n\t\t","protected":false},"excerpt":{"rendered":"<p>Cours de Cuisine Autour d&rsquo;un technique Autour d&rsquo;un repas Impressionnez vos amis et cuisiner comme un chef ! Cours de cuisine pour une personnes comprenant un Plat ou une association Entr\u00e9e + Plat pour servir 2 ou 4 personnes. (Possibilit\u00e9 de faire un devis sur mesure pour accueillir plus d&rsquo;inviter et m\u00eame choisir votre menu&hellip;<\/p>\n","protected":false},"author":1,"featured_media":0,"parent":0,"menu_order":0,"comment_status":"closed","ping_status":"closed","template":"","meta":{"footnotes":""},"class_list":["post-1383","page","type-page","status-publish","hentry"],"_links":{"self":[{"href":"https:\/\/tabledesulli.fr\/index.php\/wp-json\/wp\/v2\/pages\/1383","targetHints":{"allow":["GET"]}}],"collection":[{"href":"https:\/\/tabledesulli.fr\/index.php\/wp-json\/wp\/v2\/pages"}],"about":[{"href":"https:\/\/tabledesulli.fr\/index.php\/wp-json\/wp\/v2\/types\/page"}],"author":[{"embeddable":true,"href":"https:\/\/tabledesulli.fr\/index.php\/wp-json\/wp\/v2\/users\/1"}],"replies":[{"embeddable":true,"href":"https:\/\/tabledesulli.fr\/index.php\/wp-json\/wp\/v2\/comments?post=1383"}],"version-history":[{"count":86,"href":"https:\/\/tabledesulli.fr\/index.php\/wp-json\/wp\/v2\/pages\/1383\/revisions"}],"predecessor-version":[{"id":1702,"href":"https:\/\/tabledesulli.fr\/index.php\/wp-json\/wp\/v2\/pages\/1383\/revisions\/1702"}],"wp:attachment":[{"href":"https:\/\/tabledesulli.fr\/index.php\/wp-json\/wp\/v2\/media?parent=1383"}],"curies":[{"name":"wp","href":"https:\/\/api.w.org\/{rel}","templated":true}]}}