{"id":1136,"date":"2020-08-15T18:50:19","date_gmt":"2020-08-15T16:50:19","guid":{"rendered":"https:\/\/tabledesulli.fr\/?page_id=1136"},"modified":"2022-08-25T13:35:11","modified_gmt":"2022-08-25T11:35:11","slug":"buffet","status":"publish","type":"page","link":"https:\/\/tabledesulli.fr\/index.php\/buffet\/","title":{"rendered":"Buffet brunch \/ ap\u00e9ritif dinatoire"},"content":{"rendered":"\t\t<div data-elementor-type=\"wp-page\" data-elementor-id=\"1136\" class=\"elementor elementor-1136\">\n\t\t\t\t\t\t<section class=\"elementor-section elementor-top-section elementor-element elementor-element-607c5d6 elementor-section-full_width elementor-section-height-default elementor-section-height-default\" data-id=\"607c5d6\" data-element_type=\"section\" data-e-type=\"section\" data-settings=\"{&quot;background_background&quot;:&quot;classic&quot;,&quot;shape_divider_bottom&quot;:&quot;mountains&quot;}\">\n\t\t\t\t\t<div class=\"elementor-shape elementor-shape-bottom\" aria-hidden=\"true\" data-negative=\"false\">\n\t\t\t<svg xmlns=\"http:\/\/www.w3.org\/2000\/svg\" viewBox=\"0 0 1000 100\" preserveAspectRatio=\"none\">\n\t<path class=\"elementor-shape-fill\" opacity=\"0.33\" d=\"M473,67.3c-203.9,88.3-263.1-34-320.3,0C66,119.1,0,59.7,0,59.7V0h1000v59.7 c0,0-62.1,26.1-94.9,29.3c-32.8,3.3-62.8-12.3-75.8-22.1C806,49.6,745.3,8.7,694.9,4.7S492.4,59,473,67.3z\"\/>\n\t<path class=\"elementor-shape-fill\" opacity=\"0.66\" d=\"M734,67.3c-45.5,0-77.2-23.2-129.1-39.1c-28.6-8.7-150.3-10.1-254,39.1 s-91.7-34.4-149.2,0C115.7,118.3,0,39.8,0,39.8V0h1000v36.5c0,0-28.2-18.5-92.1-18.5C810.2,18.1,775.7,67.3,734,67.3z\"\/>\n\t<path class=\"elementor-shape-fill\" d=\"M766.1,28.9c-200-57.5-266,65.5-395.1,19.5C242,1.8,242,5.4,184.8,20.6C128,35.8,132.3,44.9,89.9,52.5C28.6,63.7,0,0,0,0 h1000c0,0-9.9,40.9-83.6,48.1S829.6,47,766.1,28.9z\"\/>\n<\/svg>\t\t<\/div>\n\t\t\t\t\t<div class=\"elementor-container elementor-column-gap-default\">\n\t\t\t\t\t<main class=\"elementor-column elementor-col-100 elementor-top-column elementor-element elementor-element-2aeaea0\" data-id=\"2aeaea0\" data-element_type=\"column\" data-e-type=\"column\" data-settings=\"{&quot;background_background&quot;:&quot;classic&quot;}\">\n\t\t\t<div class=\"elementor-widget-wrap elementor-element-populated\">\n\t\t\t\t\t\t<div class=\"elementor-element elementor-element-20ba58d elementor-widget elementor-widget-text-editor\" data-id=\"20ba58d\" data-element_type=\"widget\" data-e-type=\"widget\" data-widget_type=\"text-editor.default\">\n\t\t\t\t<div class=\"elementor-widget-container\">\n\t\t\t\t\t\t\t\t\t<h1>\u00a0<\/h1><table style=\"border-collapse: collapse; width: 99.0028%; height: 143px;\"><tbody><tr><td style=\"width: 6.91281%;\"><h1><span style=\"color: #ffffff;\">\u00a0<\/span><\/h1><\/td><td style=\"width: 95.3209%;\"><h1><span style=\"color: #ffffff;\">Brunch &amp; Ap\u00e9ritif d\u00eenatoire<\/span><\/h1><hr \/><h1><style type=\"text\/css\" scoped>.rbs_gallery_69da3ef95c6dbSpinner{\r\n\t\t\t\tmargin: 50px auto;\r\n\t\t\t\twidth: 50px;\r\n\t\t\t\theight: 40px;\r\n\t\t\t\ttext-align: center;\r\n\t\t\t\tfont-size: 10px;\r\n\t\t\t}\r\n\t\t\t.rbs_gallery_69da3ef95c6dbSpinner > div{\r\n\t\t\t  background-color: #333;\r\n\t\t\t  height: 100%;\r\n\t\t\t  width: 6px;\r\n\t\t\t  display: inline-block;\r\n\t\t\t  -webkit-animation: rbs_gallery_69da3ef95c6db-stretchdelay 1.2s infinite ease-in-out;\r\n\t\t\t  animation: rbs_gallery_69da3ef95c6db-stretchdelay 1.2s infinite ease-in-out;\r\n\t\t\t}\r\n\t\t\t.rbs_gallery_69da3ef95c6dbSpinner .rbs_gallery_69da3ef95c6dbRect2 {\r\n\t\t\t  -webkit-animation-delay: -1.1s;\r\n\t\t\t  animation-delay: -1.1s;\r\n\t\t\t}\r\n\t\t\t.rbs_gallery_69da3ef95c6dbSpinner .rbs_gallery_69da3ef95c6dbRect3 {\r\n\t\t\t  -webkit-animation-delay: -1.0s;\r\n\t\t\t  animation-delay: -1.0s;\r\n\t\t\t}\r\n\t\t\t.rbs_gallery_69da3ef95c6dbSpinner .rbs_gallery_69da3ef95c6dbRect4 {\r\n\t\t\t  -webkit-animation-delay: -0.9s;\r\n\t\t\t  animation-delay: -0.9s;\r\n\t\t\t}\r\n\t\t\t.rbs_gallery_69da3ef95c6dbSpinner .rbs_gallery_69da3ef95c6dbRect5 {\r\n\t\t\t  -webkit-animation-delay: -0.8s;\r\n\t\t\t  animation-delay: -0.8s;\r\n\t\t\t}\r\n\t\t\t@-webkit-keyframes rbs_gallery_69da3ef95c6db-stretchdelay {\r\n\t\t\t  0%, 40%, 100% { -webkit-transform: scaleY(0.4) }  \r\n\t\t\t  20% { -webkit-transform: scaleY(1.0) }\r\n\t\t\t}\r\n\t\t\t@keyframes rbs_gallery_69da3ef95c6db-stretchdelay {\r\n\t\t\t  0%, 40%, 100% { \r\n\t\t\t    transform: scaleY(0.4);\r\n\t\t\t    -webkit-transform: scaleY(0.4);\r\n\t\t\t  }  20% { \r\n\t\t\t    transform: scaleY(1.0);\r\n\t\t\t    -webkit-transform: scaleY(1.0);\r\n\t\t\t  }\r\n\t\t\t}\r\n\t\t<\/style><div class=\"robo-gallery-wrap robo-gallery-wrap-id1142 robo-gallery-\" ><div id=\"rbs_gallery_69da3ef95c6db-block-loader\" class=\"rbs_gallery_69da3ef95c6dbSpinner\"><div class=\"rbs_gallery_69da3ef95c6dbRect1\"><\/div> <div class=\"rbs_gallery_69da3ef95c6dbRect2\"><\/div> <div class=\"rbs_gallery_69da3ef95c6dbRect3\"><\/div> <div class=\"rbs_gallery_69da3ef95c6dbRect4\"><\/div> <div class=\"rbs_gallery_69da3ef95c6dbRect5\"><\/div><\/div><div id=\"robo_gallery_main_block_rbs_gallery_69da3ef95c6db\" class=\"robogallery-gallery-1142\" style=\"width:100%;  display: none;\"><div id=\"rbs_gallery_69da3ef95c6db\" data-options=\"rbs_gallery_69da3ef95c6db\" style=\"width:100%;\" class=\"robo_gallery  \"><div class=\"rbs-img  category1142 \" ><div class=\"rbs-img-image   rbs-lightbox \" ><div class=\"rbs-img-thumbs\"  data-thumbnail=\"https:\/\/tabledesulli.fr\/wp-content\/uploads\/2020\/06\/20200628_113931-300x169.jpg\"  title=\"20200628_113931\"  data-width=\"240\"  data-height=\"140\" ><\/div><div class=\"rbs-img-data-popup\"  data-popup=\"https:\/\/tabledesulli.fr\/wp-content\/uploads\/2020\/06\/20200628_113931-scaled.jpg\"  title=\"20200628_113931\" ><\/div><div class=\"thumbnail-overlay\"><div>\r\n<\/div><\/div><\/div><\/div><div class=\"rbs-img  category1142 \" ><div class=\"rbs-img-image   rbs-lightbox \" ><div class=\"rbs-img-thumbs\"  data-thumbnail=\"https:\/\/tabledesulli.fr\/wp-content\/uploads\/2020\/08\/20200808_132216-300x146.jpg\"  title=\"20200808_132216\"  data-width=\"240\"  data-height=\"140\" ><\/div><div class=\"rbs-img-data-popup\"  data-popup=\"https:\/\/tabledesulli.fr\/wp-content\/uploads\/2020\/08\/20200808_132216-scaled.jpg\"  title=\"20200808_132216\" ><\/div><div class=\"thumbnail-overlay\"><div>\r\n<\/div><\/div><\/div><\/div><div class=\"rbs-img  category1142 \" ><div class=\"rbs-img-image   rbs-lightbox \" ><div class=\"rbs-img-thumbs\"  data-thumbnail=\"https:\/\/tabledesulli.fr\/wp-content\/uploads\/2020\/08\/20200808_132537-300x146.jpg\"  title=\"20200808_132537\"  data-width=\"240\"  data-height=\"140\" ><\/div><div class=\"rbs-img-data-popup\"  data-popup=\"https:\/\/tabledesulli.fr\/wp-content\/uploads\/2020\/08\/20200808_132537-scaled.jpg\"  title=\"20200808_132537\" ><\/div><div class=\"thumbnail-overlay\"><div>\r\n<\/div><\/div><\/div><\/div><div class=\"rbs-img  category1142 \" ><div class=\"rbs-img-image   rbs-lightbox \" ><div class=\"rbs-img-thumbs\"  data-thumbnail=\"https:\/\/tabledesulli.fr\/wp-content\/uploads\/2020\/06\/20200628_113951-300x169.jpg\"  title=\"20200628_113951\"  data-width=\"240\"  data-height=\"140\" ><\/div><div class=\"rbs-img-data-popup\"  data-popup=\"https:\/\/tabledesulli.fr\/wp-content\/uploads\/2020\/06\/20200628_113951-scaled.jpg\"  title=\"20200628_113951\" ><\/div><div class=\"thumbnail-overlay\"><div>\r\n<\/div><\/div><\/div><\/div><div class=\"rbs-img  category1142 \" ><div class=\"rbs-img-image   rbs-lightbox \" ><div class=\"rbs-img-thumbs\"  data-thumbnail=\"https:\/\/tabledesulli.fr\/wp-content\/uploads\/2020\/06\/20200628_120832-300x169.jpg\"  title=\"20200628_120832\"  data-width=\"240\"  data-height=\"140\" ><\/div><div class=\"rbs-img-data-popup\"  data-popup=\"https:\/\/tabledesulli.fr\/wp-content\/uploads\/2020\/06\/20200628_120832-scaled.jpg\"  title=\"20200628_120832\" ><\/div><div class=\"thumbnail-overlay\"><div>\r\n<\/div><\/div><\/div><\/div><div class=\"rbs-img  category1142 \" ><div class=\"rbs-img-image   rbs-lightbox \" ><div class=\"rbs-img-thumbs\"  data-thumbnail=\"https:\/\/tabledesulli.fr\/wp-content\/uploads\/2020\/08\/20200628_120041-300x169.jpg\"  title=\"20200628_120041\"  data-width=\"240\"  data-height=\"140\" ><\/div><div class=\"rbs-img-data-popup\"  data-popup=\"https:\/\/tabledesulli.fr\/wp-content\/uploads\/2020\/08\/20200628_120041-scaled.jpg\"  title=\"20200628_120041\" ><\/div><div class=\"thumbnail-overlay\"><div>\r\n<\/div><\/div><\/div><\/div><\/div><\/div><\/div><script>var rbs_gallery_69da3ef95c6db = {\"version\":\"5.1.4\",\"id\":1142,\"class\":\"id1142\",\"roboGalleryDelay\":1000,\"mainContainer\":\"#robo_gallery_main_block_rbs_gallery_69da3ef95c6db\",\"loadingContainer\":\"#rbs_gallery_69da3ef95c6db-block-loader\",\"loadingContainerObj\":\"rbs_gallery_69da3ef95c6db-block-loader\",\"columnWidth\":\"auto\",\"columns\":3,\"resolutions\":[{\"columnWidth\":\"auto\",\"columns\":3,\"maxWidth\":960},{\"columnWidth\":\"auto\",\"columns\":2,\"maxWidth\":650},{\"columnWidth\":\"auto\",\"columns\":1,\"maxWidth\":450}],\"hideTitle\":true,\"lightboxOptions\":{\"gallery\":{\"enabled\":true,\"tCounter\":\"%curr% Sur %total%\"}},\"overlayEffect\":\"direction-aware-fade\",\"boxesToLoadStart\":3,\"boxesToLoad\":3,\"waitUntilThumbLoads\":1,\"LoadingWord\":\"Loading...\",\"loadMoreWord\":\"Load More\",\"noMoreEntriesWord\":\"No More Entries\",\"horizontalSpaceBetweenBoxes\":15,\"verticalSpaceBetweenBoxes\":15,\"lazyLoad\":1,\"wrapContainer\":\"#robo-gallery-wrap-rbs_gallery_69da3ef95c6db\"};<\/script><\/h1><hr \/><\/td><\/tr><\/tbody><\/table><table style=\"height: 2119px; width: 91.3656%; border-collapse: collapse;\"><tbody><tr style=\"height: 58px;\"><td style=\"width: 3.00196%; height: 28px;\"><p><span style=\"font-family: georgia, palatino, serif; font-size: 12pt;\">\u00a0<\/span><\/p><\/td><td style=\"width: 47.6642%; height: 28px;\"><p style=\"text-align: left;\"><span style=\"font-family: georgia, palatino, serif; font-size: 14pt;\">Mises en bouche sal\u00e9es<\/span><\/p><\/td><td style=\"width: 15.4237%; text-align: center; height: 28px;\">\u00a0<\/td><\/tr><tr style=\"height: 32px;\"><td style=\"width: 3.00196%; height: 261px;\"><p><span style=\"font-family: georgia, palatino, serif; font-size: 12pt;\">\u00a0<\/span><\/p><\/td><td style=\"width: 47.6642%; height: 261px;\"><table style=\"border-collapse: collapse; width: 100%; height: 500px;\"><tbody><tr style=\"height: 23px;\"><td style=\"width: 76.9488%; height: 23px;\"><span style=\"font-size: 14pt;\"><strong>Verrines:<\/strong><\/span><\/td><td style=\"width: 23.0512%; height: 23px;\">\u00a0<\/td><\/tr><tr style=\"height: 47px;\"><td style=\"width: 76.9488%; height: 47px;\">Truite fum\u00e9e cr\u00e8me ciboulette<\/td><td style=\"width: 23.0512%; height: 47px;\">0,95\u20ac<\/td><\/tr><tr style=\"height: 23px;\"><td style=\"width: 76.9488%; height: 23px;\">Concombre assaisonn\u00e9<\/td><td style=\"width: 23.0512%; height: 23px;\">0,60\u20ac<\/td><\/tr><tr style=\"height: 47px;\"><td style=\"width: 76.9488%; height: 47px;\">Carotte orange et miel des Ardennes<\/td><td style=\"width: 23.0512%; height: 47px;\">0,60\u20ac<\/td><\/tr><tr><td style=\"width: 76.9488%;\">Cr\u00e8me Butternut et Noisette<\/td><td style=\"width: 23.0512%;\">0,60\u20ac<\/td><\/tr><tr style=\"height: 23px;\"><td style=\"width: 76.9488%; height: 23px;\">\u00a0<\/td><td style=\"width: 23.0512%; height: 23px;\">\u00a0<\/td><\/tr><tr style=\"height: 23px;\"><td style=\"width: 76.9488%; height: 23px;\"><span style=\"font-size: 14pt;\"><strong>Bouch\u00e9es Froides:<\/strong><\/span><\/td><td style=\"width: 23.0512%; height: 23px;\">\u00a0<\/td><\/tr><tr style=\"height: 23px;\"><td style=\"width: 76.9488%; height: 23px;\">Bouch\u00e9e ch\u00e8vre noix<\/td><td style=\"width: 23.0512%; height: 23px;\">0,40\u20ac<\/td><\/tr><tr style=\"height: 47px;\"><td style=\"width: 76.9488%; height: 47px;\">Mini sandwich jambon Champenois<\/td><td style=\"width: 23.0512%; height: 47px;\">0,40\u20ac<\/td><\/tr><tr style=\"height: 23px;\"><td style=\"width: 76.9488%; height: 23px;\">Toast jambon d&rsquo;ardennes<\/td><td style=\"width: 23.0512%; height: 23px;\">0,80\u20ac<\/td><\/tr><tr style=\"height: 47px;\"><td style=\"width: 76.9488%; height: 47px;\">Bouch\u00e9e foie gras de f\u00eate (mini 30pcs)<\/td><td style=\"width: 23.0512%; height: 47px;\">0,95\u20ac<\/td><\/tr><tr style=\"height: 71px;\"><td style=\"width: 76.9488%; height: 22px;\">P\u00e2t\u00e9 lorrain (8 tranches) (recette inspir\u00e9e d&rsquo;un concours)<\/td><td style=\"width: 23.0512%; height: 22px;\">4,00\u20ac<\/td><\/tr><tr style=\"height: 23px;\"><td style=\"width: 76.9488%; height: 14px;\">\u00a0<\/td><td style=\"width: 23.0512%; height: 14px;\">\u00a0<\/td><\/tr><tr style=\"height: 23px;\"><td style=\"width: 76.9488%; height: 23px;\"><span style=\"font-size: 14pt;\"><strong>Bouch\u00e9es Chaudes :<\/strong><\/span><\/td><td style=\"width: 23.0512%; height: 23px;\">\u00a0<\/td><\/tr><tr style=\"height: 23px;\"><td style=\"width: 76.9488%; height: 23px;\">Goug\u00e8re au fromage<\/td><td style=\"width: 23.0512%; height: 23px;\">0,35\u20ac<\/td><\/tr><tr style=\"height: 23px;\"><td style=\"width: 76.9488%; height: 23px;\">Mini quiche<\/td><td style=\"width: 23.0512%; height: 23px;\">0,60\u20ac<\/td><\/tr><tr style=\"height: 23px;\"><td style=\"width: 76.9488%; height: 23px;\">Mini croque monsieur<\/td><td style=\"width: 23.0512%; height: 23px;\">0,50\u20ac<\/td><\/tr><tr style=\"height: 23px;\"><td style=\"width: 76.9488%; height: 23px;\">Canel\u00e9 poitrine fum\u00e9<\/td><td style=\"width: 23.0512%; height: 23px;\">0,55\u20ac<\/td><\/tr><tr style=\"height: 23px;\"><td style=\"width: 76.9488%; height: 23px;\">Feuillet\u00e9 boudin blanc et oignons<\/td><td style=\"width: 23.0512%; height: 23px;\">0,60\u20ac<\/td><\/tr><\/tbody><\/table><\/td><td style=\"width: 15.4237%; height: 261px;\">\u00a0<\/td><\/tr><tr style=\"height: 29px;\"><td style=\"width: 3.00196%; height: 10px;\">\u00a0<\/td><td style=\"width: 63.0879%; height: 10px;\" colspan=\"2\"><hr \/><\/td><\/tr><tr style=\"height: 367px;\"><td style=\"width: 3.00196%; height: 211px;\">\u00a0<\/td><td style=\"width: 47.6642%; height: 211px;\"><p><span style=\"font-size: 14pt;\">Fromages<\/span><\/p><p>Assortiment de fromages Champenois (3 fromages du moment)(4-6 personnes)<\/p><p>Suivant s\u00e9lection du chef:<\/p><ul><li>Ch\u00e8vre frais ardennais nature ou au poivre,<\/li><li>Brebis affin\u00e9 ou frais,<\/li><li>Chaource,<\/li><li>Tomme ardennaise,<\/li><li>Tommette grise des ardennes,<\/li><li>Langres,<\/li><li>Rocroi, &#8230;<\/li><\/ul><\/td><td style=\"width: 15.4237%; height: 211px;\">\u00a011.90\u20ac<\/td><\/tr><tr style=\"height: 23px;\"><td style=\"width: 3.00196%; height: 10px;\">\u00a0<\/td><td style=\"width: 63.0879%; height: 10px;\" colspan=\"2\"><hr \/><\/td><\/tr><tr style=\"height: 35px;\"><td style=\"width: 3.00196%; height: 10px;\">\u00a0<\/td><td style=\"width: 47.6642%; height: 10px;\"><p><span style=\"font-size: 14pt;\">Desserts (A venir)<br \/><\/span><\/p><\/td><td style=\"width: 15.4237%; height: 10px;\">\u00a0<\/td><\/tr><tr style=\"height: 63px;\"><td style=\"width: 3.00196%; height: 10px;\">\u00a0<\/td><td style=\"width: 47.6642%; height: 10px;\">\u00a0<\/td><td style=\"width: 15.4237%; height: 10px;\"><p>\u00a0<\/p><\/td><\/tr><tr style=\"height: 703px;\"><td style=\"width: 3.00196%; height: 579px;\">\u00a0<\/td><td style=\"width: 47.6642%; height: 579px;\">\u00a0<\/td><td style=\"width: 15.4237%; height: 579px;\"><p>\u00a0<\/p><\/td><\/tr><tr><td style=\"width: 3.00196%;\">\u00a0<\/td><td style=\"width: 47.6642%;\"><p><span style=\"font-size: 14pt;\">Option Service compris:<\/span><\/p><p><span style=\"font-size: 12pt;\">25% du montant total<\/span><\/p><p><strong>Service compris pour tout montant au dessus de 450\u20ac<\/strong><\/p><\/td><td style=\"width: 15.4237%;\">\u00a0<\/td><\/tr><tr><td style=\"width: 3.00196%;\">\u00a0<\/td><td style=\"width: 47.6642%;\">\u00a0<\/td><td style=\"width: 15.4237%; height: 195px;\">\u00a0<\/td><\/tr><\/tbody><\/table>\t\t\t\t\t\t\t\t<\/div>\n\t\t\t\t<\/div>\n\t\t\t\t\t<\/div>\n\t\t<\/main>\n\t\t\t\t\t<\/div>\n\t\t<\/section>\n\t\t\t\t<\/div>\n\t\t","protected":false},"excerpt":{"rendered":"<p>\u00a0 \u00a0 Brunch &amp; Ap\u00e9ritif d\u00eenatoire \u00a0 Mises en bouche sal\u00e9es \u00a0 \u00a0 Verrines: \u00a0 Truite fum\u00e9e cr\u00e8me ciboulette 0,95\u20ac Concombre assaisonn\u00e9 0,60\u20ac Carotte orange et miel des Ardennes 0,60\u20ac Cr\u00e8me Butternut et Noisette 0,60\u20ac \u00a0 \u00a0 Bouch\u00e9es Froides: \u00a0 Bouch\u00e9e ch\u00e8vre noix 0,40\u20ac Mini sandwich jambon Champenois 0,40\u20ac Toast jambon d&rsquo;ardennes 0,80\u20ac Bouch\u00e9e foie&hellip;<\/p>\n","protected":false},"author":1,"featured_media":0,"parent":0,"menu_order":0,"comment_status":"closed","ping_status":"closed","template":"","meta":{"footnotes":""},"class_list":["post-1136","page","type-page","status-publish","hentry"],"_links":{"self":[{"href":"https:\/\/tabledesulli.fr\/index.php\/wp-json\/wp\/v2\/pages\/1136","targetHints":{"allow":["GET"]}}],"collection":[{"href":"https:\/\/tabledesulli.fr\/index.php\/wp-json\/wp\/v2\/pages"}],"about":[{"href":"https:\/\/tabledesulli.fr\/index.php\/wp-json\/wp\/v2\/types\/page"}],"author":[{"embeddable":true,"href":"https:\/\/tabledesulli.fr\/index.php\/wp-json\/wp\/v2\/users\/1"}],"replies":[{"embeddable":true,"href":"https:\/\/tabledesulli.fr\/index.php\/wp-json\/wp\/v2\/comments?post=1136"}],"version-history":[{"count":191,"href":"https:\/\/tabledesulli.fr\/index.php\/wp-json\/wp\/v2\/pages\/1136\/revisions"}],"predecessor-version":[{"id":1682,"href":"https:\/\/tabledesulli.fr\/index.php\/wp-json\/wp\/v2\/pages\/1136\/revisions\/1682"}],"wp:attachment":[{"href":"https:\/\/tabledesulli.fr\/index.php\/wp-json\/wp\/v2\/media?parent=1136"}],"curies":[{"name":"wp","href":"https:\/\/api.w.org\/{rel}","templated":true}]}}