{"id":10,"date":"2019-11-07T17:28:06","date_gmt":"2019-11-07T16:28:06","guid":{"rendered":"http:\/\/tabledesulli.fr\/?page_id=10"},"modified":"2022-08-25T13:32:29","modified_gmt":"2022-08-25T11:32:29","slug":"chef-a-domicile-traiteur","status":"publish","type":"page","link":"https:\/\/tabledesulli.fr\/index.php\/chef-a-domicile-traiteur\/","title":{"rendered":"Chef \u00e0 domicile &#038; Traiteur"},"content":{"rendered":"\t\t<div data-elementor-type=\"wp-page\" data-elementor-id=\"10\" class=\"elementor elementor-10\">\n\t\t\t\t\t\t<section class=\"elementor-section elementor-top-section elementor-element elementor-element-20fb909c elementor-section-boxed elementor-section-height-default elementor-section-height-default\" data-id=\"20fb909c\" data-element_type=\"section\" data-e-type=\"section\" data-settings=\"{&quot;background_background&quot;:&quot;classic&quot;,&quot;shape_divider_bottom&quot;:&quot;mountains&quot;}\">\n\t\t\t\t\t<div class=\"elementor-shape elementor-shape-bottom\" aria-hidden=\"true\" data-negative=\"false\">\n\t\t\t<svg xmlns=\"http:\/\/www.w3.org\/2000\/svg\" viewBox=\"0 0 1000 100\" preserveAspectRatio=\"none\">\n\t<path class=\"elementor-shape-fill\" opacity=\"0.33\" d=\"M473,67.3c-203.9,88.3-263.1-34-320.3,0C66,119.1,0,59.7,0,59.7V0h1000v59.7 c0,0-62.1,26.1-94.9,29.3c-32.8,3.3-62.8-12.3-75.8-22.1C806,49.6,745.3,8.7,694.9,4.7S492.4,59,473,67.3z\"\/>\n\t<path class=\"elementor-shape-fill\" opacity=\"0.66\" d=\"M734,67.3c-45.5,0-77.2-23.2-129.1-39.1c-28.6-8.7-150.3-10.1-254,39.1 s-91.7-34.4-149.2,0C115.7,118.3,0,39.8,0,39.8V0h1000v36.5c0,0-28.2-18.5-92.1-18.5C810.2,18.1,775.7,67.3,734,67.3z\"\/>\n\t<path class=\"elementor-shape-fill\" d=\"M766.1,28.9c-200-57.5-266,65.5-395.1,19.5C242,1.8,242,5.4,184.8,20.6C128,35.8,132.3,44.9,89.9,52.5C28.6,63.7,0,0,0,0 h1000c0,0-9.9,40.9-83.6,48.1S829.6,47,766.1,28.9z\"\/>\n<\/svg>\t\t<\/div>\n\t\t\t\t\t<div class=\"elementor-container elementor-column-gap-default\">\n\t\t\t\t\t<div class=\"elementor-column elementor-col-100 elementor-top-column elementor-element elementor-element-37fbda01\" data-id=\"37fbda01\" data-element_type=\"column\" data-e-type=\"column\" data-settings=\"{&quot;background_background&quot;:&quot;classic&quot;}\">\n\t\t\t<div class=\"elementor-widget-wrap elementor-element-populated\">\n\t\t\t\t\t\t<div class=\"elementor-element elementor-element-7035cc2 elementor-widget elementor-widget-text-editor\" data-id=\"7035cc2\" data-element_type=\"widget\" data-e-type=\"widget\" data-widget_type=\"text-editor.default\">\n\t\t\t\t<div class=\"elementor-widget-container\">\n\t\t\t\t\t\t\t\t\t<pre style=\"text-align: center;\">\u00a0<\/pre><table style=\"border-collapse: collapse; width: 93.3522%; height: 1789px;\"><tbody><tr><td style=\"width: 60.6167px;\"><span style=\"font-family: arial, helvetica, sans-serif; font-size: 12pt;\">\u00a0<\/span><\/td><td style=\"width: 384.133px;\"><h1><span style=\"font-family: arial, helvetica, sans-serif;\"><span style=\"color: #ffffff;\">Traiteur &amp; Chef \u00e0 domicil<\/span><span style=\"color: #ffffff;\">e<\/span><\/span><\/h1><p>\u00a0<\/p><\/td><td style=\"width: 56.6833px; text-align: center;\"><span style=\"font-family: arial, helvetica, sans-serif;\">Traiteur<\/span><\/td><td style=\"width: 63.4667px;\"><p style=\"text-align: center;\"><span style=\"font-family: arial, helvetica, sans-serif;\">Chef<\/span><\/p><p style=\"text-align: center;\"><span style=\"font-family: arial, helvetica, sans-serif;\">\u00e0<\/span><\/p><p style=\"text-align: center;\"><span style=\"font-family: arial, helvetica, sans-serif;\">Domicile<\/span><\/p><\/td><\/tr><tr style=\"height: 32px;\"><td style=\"width: 60.6167px; height: 287px;\"><span style=\"font-family: arial, helvetica, sans-serif; font-size: 12pt;\">\u00a0<\/span><\/td><td style=\"width: 384.133px; height: 287px;\"><hr \/><p><span style=\"font-family: arial, helvetica, sans-serif;\"><span style=\"font-size: 12pt;\"><span style=\"font-size: 14pt;\">Mises en bouches<\/span> <\/span><span style=\"font-size: 10pt;\">(0,60\u20ac par pi\u00e8ces)<\/span><\/span><\/p><p><span style=\"font-family: arial, helvetica, sans-serif; font-size: 12pt;\"><strong>Froides :<\/strong><\/span><\/p><p><span style=\"font-family: arial, helvetica, sans-serif; font-size: 12pt;\">Bouch\u00e9e ch\u00e8vre noix (mini 5pcs)<\/span><\/p><p><span style=\"font-family: arial, helvetica, sans-serif; font-size: 12pt;\">Mini sandwich jambon Champenois\u00a0<\/span><\/p><p><span style=\"font-family: arial, helvetica, sans-serif; font-size: 12pt;\"><strong>Chaudes :<\/strong><\/span><\/p><p><span style=\"font-family: arial, helvetica, sans-serif; font-size: 12pt;\">Goug\u00e8res fromage (mini 20pcs)<\/span><\/p><p><span style=\"font-family: arial, helvetica, sans-serif; font-size: 12pt;\">Mini quiche ardennaises\u00a0<\/span><\/p><p><span style=\"font-family: arial, helvetica, sans-serif; font-size: 12pt;\">Mini croque monsieur\u00a0<\/span><\/p><\/td><td style=\"width: 56.6833px; height: 287px;\"><p><span style=\"font-family: arial, helvetica, sans-serif;\">0,60\u20ac<\/span><\/p><p><span style=\"font-family: arial, helvetica, sans-serif;\">\/pcs<\/span><\/p><\/td><td style=\"width: 63.4667px;\"><p><span style=\"font-family: arial, helvetica, sans-serif;\">0,60\u20ac<\/span><\/p><p><span style=\"font-family: arial, helvetica, sans-serif;\">\/pcs<\/span><\/p><\/td><\/tr><tr style=\"height: 55px;\"><td style=\"width: 60.6167px; height: 55px;\"><span style=\"font-family: arial, helvetica, sans-serif; font-size: 12pt;\">\u00a0<\/span><\/td><td style=\"width: 384.133px; height: 55px;\"><hr \/><\/td><td style=\"width: 56.6833px; height: 55px;\">\u00a0<\/td><td style=\"width: 63.4667px;\">\u00a0<\/td><\/tr><tr style=\"height: 58px;\"><td style=\"width: 60.6167px; height: 58px;\"><span style=\"font-size: 12pt; font-family: arial, helvetica, sans-serif;\">\u00a0<\/span><\/td><td style=\"width: 384.133px; height: 58px;\"><span style=\"font-family: arial, helvetica, sans-serif; font-size: 14pt;\">Entr\u00e9es<\/span><\/td><td style=\"width: 56.6833px; height: 58px;\">\u00a0<\/td><td style=\"width: 63.4667px;\">\u00a0<\/td><\/tr><tr style=\"height: 26px;\"><td style=\"width: 60.6167px; height: 26px;\"><span style=\"font-size: 12pt; font-family: arial, helvetica, sans-serif;\">\u00a0<\/span><\/td><td style=\"width: 384.133px; height: 26px;\"><span style=\"font-family: arial, helvetica, sans-serif; font-size: 12pt;\">Velout\u00e9 de saison, oeuf parfait, crouton<\/span><\/td><td style=\"width: 56.6833px; height: 26px;\"><span style=\"font-family: arial, helvetica, sans-serif; font-size: 12pt;\">2,90\u20ac<\/span><\/td><td style=\"width: 63.4667px;\"><span style=\"font-family: arial, helvetica, sans-serif; font-size: 12pt;\">4,90\u20ac<\/span><\/td><\/tr><tr><td style=\"width: 60.6167px;\"><span style=\"font-size: 12pt; font-family: arial, helvetica, sans-serif;\">\u00a0<\/span><\/td><td style=\"width: 384.133px;\"><span style=\"font-family: arial, helvetica, sans-serif; font-size: 12pt;\">Tartelette Ch\u00e8vre frais &amp; Epinard<\/span><\/td><td style=\"width: 56.6833px;\"><span style=\"font-family: arial, helvetica, sans-serif; font-size: 12pt;\">3,90\u20ac<\/span><\/td><td style=\"width: 63.4667px;\"><span style=\"font-family: arial, helvetica, sans-serif; font-size: 12pt;\">6,90\u20ac<\/span><\/td><\/tr><tr style=\"height: 34px;\"><td style=\"width: 60.6167px; height: 34px;\"><span style=\"font-size: 12pt; font-family: arial, helvetica, sans-serif;\">\u00a0<\/span><\/td><td style=\"width: 384.133px; height: 34px;\"><span style=\"font-family: arial, helvetica, sans-serif; font-size: 12pt;\">Salade Champenoise (L\u00e9gumes de saison, Chaource, jambon d&rsquo;ardennes) Vinaigrette r\u00e9moise.<\/span><\/td><td style=\"width: 56.6833px; height: 34px;\"><span style=\"font-family: arial, helvetica, sans-serif; font-size: 12pt;\">4,90\u20ac<\/span><\/td><td style=\"width: 63.4667px;\"><span style=\"font-family: arial, helvetica, sans-serif; font-size: 12pt;\">\u00a07,90\u20ac<\/span><\/td><\/tr><tr style=\"height: 58px;\"><td style=\"width: 60.6167px; height: 58px;\"><span style=\"font-size: 12pt; font-family: arial, helvetica, sans-serif;\">\u00a0<\/span><\/td><td style=\"width: 384.133px; height: 58px;\"><span style=\"font-family: arial, helvetica, sans-serif; font-size: 12pt;\">M\u00e9daillon de Foies gras de f\u00eates, Pain d&rsquo;\u00e9pices maison (\u00e0 partir de 4pers minimum)<\/span><\/td><td style=\"width: 56.6833px; height: 58px;\"><span style=\"font-family: arial, helvetica, sans-serif;\">11,90\u20ac<\/span><\/td><td style=\"width: 63.4667px;\"><span style=\"font-family: arial, helvetica, sans-serif; font-size: 12pt;\">15,90\u20ac<\/span><\/td><\/tr><tr style=\"height: 10px;\"><td style=\"width: 60.6167px; height: 10px;\"><span style=\"font-size: 12pt; font-family: arial, helvetica, sans-serif;\">\u00a0<\/span><\/td><td style=\"width: 384.133px; height: 10px;\"><hr \/><\/td><td style=\"width: 56.6833px; height: 10px;\">\u00a0<\/td><td style=\"width: 63.4667px;\">\u00a0<\/td><\/tr><tr style=\"height: 58px;\"><td style=\"width: 60.6167px; height: 58px;\"><span style=\"font-family: arial, helvetica, sans-serif; font-size: 12pt;\">\u00a0<\/span><\/td><td style=\"width: 384.133px; height: 58px;\"><span style=\"font-family: arial, helvetica, sans-serif; font-size: 12pt;\"><span style=\"font-size: 14pt;\">Plats<\/span><br \/><\/span><\/td><td style=\"width: 56.6833px; height: 58px;\">\u00a0<\/td><td style=\"width: 63.4667px;\">\u00a0<\/td><\/tr><tr style=\"height: 79px;\"><td style=\"width: 60.6167px; height: 79px;\"><span style=\"font-family: arial, helvetica, sans-serif; font-size: 12pt;\">\u00a0<\/span><\/td><td style=\"width: 384.133px; height: 79px;\"><span style=\"font-size: 12pt; font-family: arial, helvetica, sans-serif;\">Aumoni\u00e8re de volaille, l\u00e9gumes de saison, jus court au champagne<br \/><\/span><\/td><td style=\"width: 56.6833px; height: 79px;\"><span style=\"font-size: 12pt; font-family: arial, helvetica, sans-serif;\">11,90\u20ac<\/span><\/td><td style=\"width: 63.4667px;\"><span style=\"font-size: 12pt; font-family: arial, helvetica, sans-serif;\">\u00a014,90\u20ac<\/span><\/td><\/tr><tr style=\"height: 79px;\"><td style=\"width: 60.6167px; height: 79px;\"><span style=\"font-family: arial, helvetica, sans-serif; font-size: 12pt;\">\u00a0<\/span><\/td><td style=\"width: 384.133px; height: 79px;\"><span style=\"font-size: 12pt; font-family: arial, helvetica, sans-serif;\">Truite en basse temp\u00e9rature, Flan en deux couleurs, gnockis, Sauce safran des ardennes<br \/><\/span><\/td><td style=\"width: 56.6833px; height: 79px;\"><span style=\"font-size: 12pt; font-family: arial, helvetica, sans-serif;\">13,90\u20ac<\/span><\/td><td style=\"width: 63.4667px;\"><span style=\"font-size: 12pt; font-family: arial, helvetica, sans-serif;\">\u00a016,90\u20ac<\/span><\/td><\/tr><tr style=\"height: 75px;\"><td style=\"width: 60.6167px; height: 75px;\"><span style=\"font-family: arial, helvetica, sans-serif; font-size: 12pt;\">\u00a0<\/span><\/td><td style=\"width: 384.133px; height: 75px;\"><span style=\"font-size: 12pt; font-family: arial, helvetica, sans-serif;\">Balotine de caille en basse temp\u00e9rature, Pomme Anna en rose, tatin de l\u00e9gumes, jus court au ratafia champenois.<\/span><\/td><td style=\"width: 56.6833px; height: 75px;\"><span style=\"font-family: arial, helvetica, sans-serif;\">16,90\u20ac<\/span><\/td><td style=\"width: 63.4667px;\"><span style=\"font-size: 12pt; font-family: arial, helvetica, sans-serif;\">\u00a019.90\u20ac<\/span><\/td><\/tr><tr style=\"height: 53px;\"><td style=\"width: 60.6167px; height: 53px;\"><span style=\"font-family: arial, helvetica, sans-serif; font-size: 12pt;\">\u00a0<\/span><\/td><td style=\"width: 384.133px; height: 53px;\"><hr \/><\/td><td style=\"width: 56.6833px; height: 53px;\">\u00a0<\/td><td style=\"width: 63.4667px;\">\u00a0<\/td><\/tr><tr style=\"height: 23px;\"><td style=\"width: 60.6167px; height: 26px;\"><span style=\"font-family: arial, helvetica, sans-serif; font-size: 12pt;\">\u00a0<\/span><\/td><td style=\"width: 384.133px; height: 26px;\"><p><span style=\"font-family: arial, helvetica, sans-serif; font-size: 14pt;\">Fromages<\/span><\/p><p><span style=\"font-family: arial, helvetica, sans-serif; font-size: 12pt;\">Assortiment de fromages Champenois, salade et vinaigrette.<\/span><\/p><p><span style=\"font-family: arial, helvetica, sans-serif; font-size: 12pt;\">(3sortes suivant s\u00e9lection du moment: Ch\u00e8vre frais ardenais nature ou au poivre, Chaource, Tomme ardennaise, Tommette grise des ardennes, Langres, Rocroi, &#8230;)<\/span><\/p><\/td><td style=\"width: 56.6833px; height: 26px;\"><span style=\"font-family: arial, helvetica, sans-serif;\">5,90\u20ac<\/span><\/td><td style=\"width: 63.4667px;\"><span style=\"font-family: arial, helvetica, sans-serif;\">7,90\u20ac<\/span><\/td><\/tr><tr style=\"height: 55px;\"><td style=\"width: 60.6167px; height: 55px;\"><span style=\"font-family: arial, helvetica, sans-serif; font-size: 12pt;\">\u00a0<\/span><\/td><td style=\"width: 384.133px; height: 55px;\"><hr \/><\/td><td style=\"width: 56.6833px; height: 55px;\">\u00a0<\/td><td style=\"width: 63.4667px;\">\u00a0<\/td><\/tr><tr style=\"height: 58px;\"><td style=\"width: 60.6167px; height: 58px;\"><span style=\"font-family: arial, helvetica, sans-serif; font-size: 12pt;\">\u00a0<\/span><\/td><td style=\"width: 384.133px; height: 58px;\">Desserts (A venir)<\/td><td style=\"width: 56.6833px; height: 58px;\">\u00a0<\/td><td style=\"width: 63.4667px;\">\u00a0<\/td><\/tr><tr style=\"height: 79px;\"><td style=\"width: 60.6167px; height: 79px;\"><span style=\"font-family: arial, helvetica, sans-serif; font-size: 12pt;\">\u00a0<\/span><\/td><td style=\"width: 384.133px; height: 79px;\">\u00a0<\/td><td style=\"width: 56.6833px; height: 79px;\">\u00a0<\/td><td style=\"width: 63.4667px;\">\u00a0<\/td><\/tr><tr style=\"height: 55px;\"><td style=\"width: 60.6167px; height: 55px;\"><span style=\"font-family: arial, helvetica, sans-serif; font-size: 12pt;\">\u00a0<\/span><\/td><td style=\"width: 384.133px; height: 55px;\">\u00a0<\/td><td style=\"width: 56.6833px; height: 55px;\">\u00a0<\/td><td style=\"width: 63.4667px;\">\u00a0<\/td><\/tr><tr style=\"height: 23px;\"><td style=\"width: 60.6167px; height: 58px;\"><span style=\"font-family: arial, helvetica, sans-serif; font-size: 12pt;\">\u00a0<\/span><\/td><td style=\"width: 384.133px; height: 58px;\"><hr \/><\/td><td style=\"width: 56.6833px; height: 58px;\">\u00a0<\/td><td style=\"width: 63.4667px;\">\u00a0<\/td><\/tr><tr style=\"height: 55px;\"><td style=\"width: 60.6167px; height: 55px;\"><span style=\"font-family: arial, helvetica, sans-serif; font-size: 12pt;\">\u00a0<\/span><\/td><td style=\"width: 384.133px; height: 55px;\">\u00a0<\/td><td style=\"width: 56.6833px; height: 55px;\">\u00a0<\/td><td style=\"width: 63.4667px;\">\u00a0<\/td><\/tr><\/tbody><\/table>\t\t\t\t\t\t\t\t<\/div>\n\t\t\t\t<\/div>\n\t\t\t\t\t<\/div>\n\t\t<\/div>\n\t\t\t\t\t<\/div>\n\t\t<\/section>\n\t\t\t\t<\/div>\n\t\t","protected":false},"excerpt":{"rendered":"<p>\u00a0 \u00a0 Traiteur &amp; Chef \u00e0 domicile \u00a0 Traiteur Chef \u00e0 Domicile \u00a0 Mises en bouches (0,60\u20ac par pi\u00e8ces) Froides : Bouch\u00e9e ch\u00e8vre noix (mini 5pcs) Mini sandwich jambon Champenois\u00a0 Chaudes : Goug\u00e8res fromage (mini 20pcs) Mini quiche ardennaises\u00a0 Mini croque monsieur\u00a0 0,60\u20ac \/pcs 0,60\u20ac \/pcs \u00a0 \u00a0 \u00a0 \u00a0 Entr\u00e9es \u00a0 \u00a0 \u00a0 Velout\u00e9&hellip;<\/p>\n","protected":false},"author":1,"featured_media":0,"parent":0,"menu_order":0,"comment_status":"closed","ping_status":"closed","template":"","meta":{"footnotes":""},"class_list":["post-10","page","type-page","status-publish","hentry"],"_links":{"self":[{"href":"https:\/\/tabledesulli.fr\/index.php\/wp-json\/wp\/v2\/pages\/10","targetHints":{"allow":["GET"]}}],"collection":[{"href":"https:\/\/tabledesulli.fr\/index.php\/wp-json\/wp\/v2\/pages"}],"about":[{"href":"https:\/\/tabledesulli.fr\/index.php\/wp-json\/wp\/v2\/types\/page"}],"author":[{"embeddable":true,"href":"https:\/\/tabledesulli.fr\/index.php\/wp-json\/wp\/v2\/users\/1"}],"replies":[{"embeddable":true,"href":"https:\/\/tabledesulli.fr\/index.php\/wp-json\/wp\/v2\/comments?post=10"}],"version-history":[{"count":114,"href":"https:\/\/tabledesulli.fr\/index.php\/wp-json\/wp\/v2\/pages\/10\/revisions"}],"predecessor-version":[{"id":1678,"href":"https:\/\/tabledesulli.fr\/index.php\/wp-json\/wp\/v2\/pages\/10\/revisions\/1678"}],"wp:attachment":[{"href":"https:\/\/tabledesulli.fr\/index.php\/wp-json\/wp\/v2\/media?parent=10"}],"curies":[{"name":"wp","href":"https:\/\/api.w.org\/{rel}","templated":true}]}}